{"id":64,"date":"2016-12-28T22:58:27","date_gmt":"2016-12-28T21:58:27","guid":{"rendered":"https:\/\/www.tobiaspfuelb.de\/?page_id=64&#038;lang=en"},"modified":"2025-11-10T11:34:33","modified_gmt":"2025-11-10T10:34:33","slug":"64-2","status":"publish","type":"page","link":"https:\/\/www.tobiaspfuelb.de\/en\/","title":{"rendered":"Vita"},"content":{"rendered":"<p><img loading=\"lazy\" decoding=\"async\" class=\"wp-image-850 size-medium alignleft\" src=\"https:\/\/www.tobiaspfuelb.de\/wp-content\/uploads\/IMG-20240513-WA0019-225x300.jpg\" alt=\"\" width=\"225\" height=\"300\" \/>Born in Munich, bass Tobias Pf\u00fclb began his singing education as a member and soloist of the T\u00f6lzer Knabenchor. As third boy in Mozart\u2019s \u201cThe Magic Flute\u201d he took his first steps on the operatic stage (Opera du Rhin Stra\u00dfbourg, State Opera Stuttgart and Bavarien State Opera Munich). For Deutsche Grammophon he also recorded the same part under Herbert von Karajan.<\/p>\n<p>Tobias Pf\u00fclb completed his studies at the Munich University (main subject: solo singing in concert and opera) and graduated with an Arts diploma in concert singing.<\/p>\n<p>A series of master classes (William Cochran, Dieter Schweikart, Bodo Schwanbeck, Michael Rhodes, Nicolai Ghiaurov and Bonaldo Giaiotti) supplemented his further education as an opera singer.<\/p>\n<p>Since then he has sung in numerous concerts in Germany, Austria, Italy, France, Hungary, Greece and Mexico, together with the Chorgemeinschaft Neubeuern under Enoch zu Guttenberg, the T\u00f6lzer Knabenchor under Gerhard Schmidt-Gaden, the Stuttgarter Kammerchor under Frieder Bernius, the Ensemble Prishna under Christoph Hammer, the Ensemble Estampie and the Ensemble SzenAria.<\/p>\n<p>From 1998 to 2002 Tobias Pf\u00fclb lectured regularly at the Augsburg Conservatory.<\/p>\n<p><img loading=\"lazy\" decoding=\"async\" class=\"aligncenter size-full wp-image-102\" src=\"https:\/\/www.tobiaspfuelb.de\/wp-content\/uploads\/2016\/12\/Tobias-Pfluelb-02.jpg\" alt=\"Tobias Pf\u00fclb\" width=\"600\" height=\"391\" srcset=\"https:\/\/www.tobiaspfuelb.de\/wp-content\/uploads\/2016\/12\/Tobias-Pfluelb-02.jpg 600w, https:\/\/www.tobiaspfuelb.de\/wp-content\/uploads\/2016\/12\/Tobias-Pfluelb-02-300x196.jpg 300w\" sizes=\"auto, (max-width: 600px) 100vw, 600px\" \/><\/p>\n<p>Some of his first guest performances in operatic roles led Tobias Pf\u00fclb to the &#8220;Pasinger Fabrik&#8221; Munich, the &#8220;Ekhof Festival&#8221; in Gotha and the &#8220;Ostseefestpiele&#8221; in Stralsund (1995-2002).<\/p>\n<p>From 2003-2007 Tobias Pf\u00fclb was a member of the ensemble of the &#8220;Vereinigte St\u00e4dtische B\u00fchnen Krefeld-M\u00f6nchengladbach&#8221;, where he built up a diverse repertoire, singing the following major roles: Don Pasquale in Donizettis opera of the same name, Plumkett in Flotow\u2019s \u201cMartha\u201d, Colline in Puccini\u2019s \u201cLa Boh\u00e9me\u201d, Angelotti in \u201cTosca\u201d, Raimondo in Donizetti\u2019s \u201cLucia di Lammermoor\u201d, Le Bailly in Massenet\u2019s \u201cWerther, Dottore Grenvil in Verdi\u2019s \u201cLa Traviata\u201d, Eremit in Weber\u2019s \u201cFreisch\u00fctz\u201d and Sarastro in Mozart\u2019s \u201cThe Magic Flute\u201d.<\/p>\n<p>Since 2007 Tobias Pf\u00fclb has been appearing free-lance at the &#8220;Theater Eggenfelden&#8221;, the &#8220;Theater Koblenz&#8221;, the &#8220;Theater Hagen&#8221; , the &#8220;Landesb\u00fchnen Sachsen&#8221;, the &#8220;Musikalische Kom\u00f6die der Oper Leipzig&#8221;, the &#8220;Staatstheater Oldenburg&#8221;, the &#8220;Theater Aachen&#8221;, the &#8220;Theater Plauen-Zwickau&#8221;, the &#8220;Landestheater Neustrelitz&#8221;, the &#8220;Theater und Philharmonie Th\u00fcringen Gera Altenburg&#8221;, the &#8220;S\u00fcdth\u00fcringisches Staatsthater Meiningen, the &#8220;Pfalztheater Kaiserslautern&#8221;, the &#8220;Staatstheater Augsburg&#8221;, the &#8220;Saarl\u00e4ndisches Staatstheater Saarbr\u00fccken&#8221;, the &#8220;Landestheater Linz&#8221;, the &#8220;Schlossfestspiele&#8221; of the &#8220;Mecklenburgisches Staatstheater Schwerin&#8221; , the &#8220;Carl-Orff-Festspiele Andechs&#8221; and the &#8220;Opernfestspiele Heidenheim&#8221;.<\/p>\n<p><br><br \/>\n<a href=\"\/wp-content\/uploads\/Vita-Tobias-Pfuelb-EN.pdf\"><img loading=\"lazy\" decoding=\"async\" class=\"alignleft wp-image-145 size-full\" src=\"https:\/\/www.tobiaspfuelb.de\/wp-content\/uploads\/2016\/12\/PDF-Download.png\" alt=\"PDF-Download\" width=\"128\" height=\"128\" \/><\/a><\/p>\n<p>Vita by\u00a0Tobias Pf\u00fclb<\/p>\n<br>\n<noscript class=\"ninja-forms-noscript-message\">\n\tNotice: JavaScript is required for this content.<\/noscript>\n<div id=\"nf-form-1-cont\" class=\"nf-form-cont\" aria-live=\"polite\" aria-labelledby=\"nf-form-title-1\" aria-describedby=\"nf-form-errors-1\" role=\"form\">\n\n    <div class=\"nf-loading-spinner\"><\/div>\n\n<\/div>\n        <!-- That data is being printed as a workaround to page builders reordering the order of the scripts loaded-->\n        <script>var formDisplay=1;var nfForms=nfForms||[];var form=[];form.id='1';form.settings={\"objectType\":\"Form Setting\",\"editActive\":\"1\",\"title\":\"Kontaktformular\",\"key\":\"\",\"created_at\":\"2016-12-30 14:01:14\",\"default_label_pos\":\"above\",\"_seq_num\":\"4\",\"conditions\":[],\"show_title\":\"1\",\"clear_complete\":\"1\",\"hide_complete\":\"1\",\"wrapper_class\":\"\",\"element_class\":\"\",\"add_submit\":\"1\",\"logged_in\":\"\",\"not_logged_in_msg\":\"\",\"sub_limit_number\":\"\",\"sub_limit_msg\":\"\",\"calculations\":[],\"formContentData\":[\"name\",\"email\",\"nachricht\",\"absenden_1\"],\"container_styles_background-color\":\"\",\"container_styles_border\":\"\",\"container_styles_border-style\":\"\",\"container_styles_border-color\":\"\",\"container_styles_color\":\"\",\"container_styles_height\":\"\",\"container_styles_width\":\"\",\"container_styles_font-size\":\"\",\"container_styles_margin\":\"\",\"container_styles_padding\":\"\",\"container_styles_display\":\"\",\"container_styles_float\":\"\",\"container_styles_show_advanced_css\":\"0\",\"container_styles_advanced\":\"\",\"title_styles_background-color\":\"\",\"title_styles_border\":\"\",\"title_styles_border-style\":\"\",\"title_styles_border-color\":\"\",\"title_styles_color\":\"\",\"title_styles_height\":\"\",\"title_styles_width\":\"\",\"title_styles_font-size\":\"\",\"title_styles_margin\":\"\",\"title_styles_padding\":\"\",\"title_styles_display\":\"\",\"title_styles_float\":\"\",\"title_styles_show_advanced_css\":\"0\",\"title_styles_advanced\":\"\",\"row_styles_background-color\":\"\",\"row_styles_border\":\"\",\"row_styles_border-style\":\"\",\"row_styles_border-color\":\"\",\"row_styles_color\":\"\",\"row_styles_height\":\"\",\"row_styles_width\":\"\",\"row_styles_font-size\":\"\",\"row_styles_margin\":\"\",\"row_styles_padding\":\"\",\"row_styles_display\":\"\",\"row_styles_show_advanced_css\":\"0\",\"row_styles_advanced\":\"\",\"row-odd_styles_background-color\":\"\",\"row-odd_styles_border\":\"\",\"row-odd_styles_border-style\":\"\",\"row-odd_styles_border-color\":\"\",\"row-odd_styles_color\":\"\",\"row-odd_styles_height\":\"\",\"row-odd_styles_width\":\"\",\"row-odd_styles_font-size\":\"\",\"row-odd_styles_margin\":\"\",\"row-odd_styles_padding\":\"\",\"row-odd_styles_display\":\"\",\"row-odd_styles_show_advanced_css\":\"0\",\"row-odd_styles_advanced\":\"\",\"success-msg_styles_background-color\":\"\",\"success-msg_styles_border\":\"\",\"success-msg_styles_border-style\":\"\",\"success-msg_styles_border-color\":\"\",\"success-msg_styles_color\":\"\",\"success-msg_styles_height\":\"\",\"success-msg_styles_width\":\"\",\"success-msg_styles_font-size\":\"\",\"success-msg_styles_margin\":\"\",\"success-msg_styles_padding\":\"\",\"success-msg_styles_display\":\"\",\"success-msg_styles_show_advanced_css\":\"0\",\"success-msg_styles_advanced\":\"\",\"error_msg_styles_background-color\":\"\",\"error_msg_styles_border\":\"\",\"error_msg_styles_border-style\":\"\",\"error_msg_styles_border-color\":\"\",\"error_msg_styles_color\":\"\",\"error_msg_styles_height\":\"\",\"error_msg_styles_width\":\"\",\"error_msg_styles_font-size\":\"\",\"error_msg_styles_margin\":\"\",\"error_msg_styles_padding\":\"\",\"error_msg_styles_display\":\"\",\"error_msg_styles_show_advanced_css\":\"0\",\"error_msg_styles_advanced\":\"\",\"changeEmailErrorMsg\":\"Please enter a valid email address!\",\"confirmFieldErrorMsg\":\"These fields must match!\",\"fieldNumberNumMinError\":\"Number Min Error\",\"fieldNumberNumMaxError\":\"Number Max Error\",\"fieldNumberIncrementBy\":\"Please increment by \",\"formErrorsCorrectErrors\":\"Please correct errors before submitting this form.\",\"validateRequiredField\":\"This is a required field.\",\"honeypotHoneypotError\":\"Honeypot Error\",\"fieldsMarkedRequired\":\"Fields marked with an <span class=\\\"ninja-forms-req-symbol\\\">*<\\\/span> are required\",\"currency\":\"\",\"ninjaForms\":\"Ninja Forms\",\"changeDateErrorMsg\":\"Please enter a valid date!\",\"fieldTextareaRTEInsertLink\":\"Insert Link\",\"fieldTextareaRTEInsertMedia\":\"Insert Media\",\"fieldTextareaRTESelectAFile\":\"Select a file\",\"formHoneypot\":\"If you are a human seeing this field, please leave it empty.\",\"fileUploadOldCodeFileUploadInProgress\":\"File Upload in Progress.\",\"fileUploadOldCodeFileUpload\":\"FILE UPLOAD\",\"currencySymbol\":false,\"thousands_sep\":\",\",\"decimal_point\":\".\",\"siteLocale\":\"en_US\",\"dateFormat\":\"m\\\/d\\\/Y\",\"startOfWeek\":\"1\",\"of\":\"of\",\"previousMonth\":\"Previous Month\",\"nextMonth\":\"Next Month\",\"months\":[\"January\",\"February\",\"March\",\"April\",\"May\",\"June\",\"July\",\"August\",\"September\",\"October\",\"November\",\"December\"],\"monthsShort\":[\"Jan\",\"Feb\",\"Mar\",\"Apr\",\"May\",\"Jun\",\"Jul\",\"Aug\",\"Sep\",\"Oct\",\"Nov\",\"Dec\"],\"weekdays\":[\"Sunday\",\"Monday\",\"Tuesday\",\"Wednesday\",\"Thursday\",\"Friday\",\"Saturday\"],\"weekdaysShort\":[\"Sun\",\"Mon\",\"Tue\",\"Wed\",\"Thu\",\"Fri\",\"Sat\"],\"weekdaysMin\":[\"Su\",\"Mo\",\"Tu\",\"We\",\"Th\",\"Fr\",\"Sa\"],\"recaptchaConsentMissing\":\"reCaptcha validation couldn&#039;t load.\",\"recaptchaMissingCookie\":\"reCaptcha v3 validation couldn&#039;t load the cookie needed to submit the form.\",\"recaptchaConsentEvent\":\"Accept reCaptcha cookies before sending the form.\",\"embed_form\":\"\",\"currency_symbol\":\"\",\"beforeForm\":\"\",\"beforeFields\":\"\",\"afterFields\":\"\",\"afterForm\":\"\"};form.fields=[{\"objectType\":\"Field\",\"objectDomain\":\"fields\",\"order\":1,\"label\":\"Name\",\"key\":\"name\",\"type\":\"textbox\",\"created_at\":\"2016-08-24 16:39:20\",\"label_pos\":\"above\",\"required\":1,\"input_limit\":250,\"input_limit_type\":\"characters\",\"input_limit_msg\":\"Zeichen \\u00fcbrig\",\"wrap_styles_show_advanced_css\":0,\"label_styles_show_advanced_css\":0,\"element_styles_show_advanced_css\":0,\"cellcid\":\"c3277\",\"id\":1,\"beforeField\":\"\",\"afterField\":\"\",\"value\":\"\",\"parentType\":\"textbox\",\"element_templates\":[\"textbox\",\"input\"],\"old_classname\":\"\",\"wrap_template\":\"wrap\"},{\"objectType\":\"Field\",\"objectDomain\":\"fields\",\"order\":2,\"label\":\"Email\",\"key\":\"email\",\"type\":\"email\",\"created_at\":\"2016-08-24 16:39:20\",\"label_pos\":\"above\",\"required\":1,\"wrap_styles_show_advanced_css\":0,\"label_styles_show_advanced_css\":0,\"element_styles_show_advanced_css\":0,\"cellcid\":\"c3281\",\"id\":2,\"beforeField\":\"\",\"afterField\":\"\",\"value\":\"\",\"parentType\":\"email\",\"element_templates\":[\"email\",\"input\"],\"old_classname\":\"\",\"wrap_template\":\"wrap\"},{\"objectType\":\"Field\",\"objectDomain\":\"fields\",\"order\":3,\"label\":\"Nachricht\",\"key\":\"nachricht\",\"type\":\"textarea\",\"created_at\":\"2016-08-24 16:39:20\",\"label_pos\":\"above\",\"required\":1,\"input_limit\":999,\"input_limit_type\":\"characters\",\"input_limit_msg\":\"Zeichen \\u00fcbrig\",\"wrap_styles_show_advanced_css\":0,\"label_styles_show_advanced_css\":0,\"element_styles_show_advanced_css\":0,\"cellcid\":\"c3284\",\"id\":3,\"beforeField\":\"\",\"afterField\":\"\",\"value\":\"\",\"parentType\":\"textarea\",\"element_templates\":[\"textarea\",\"input\"],\"old_classname\":\"\",\"wrap_template\":\"wrap\"},{\"objectType\":\"Field\",\"objectDomain\":\"fields\",\"order\":5,\"label\":\"Absenden\",\"key\":\"absenden_1\",\"type\":\"submit\",\"created_at\":\"2016-08-24 16:39:20\",\"processing_label\":\"Verarbeitung l\\u00e4uft\",\"wrap_styles_show_advanced_css\":0,\"label_styles_show_advanced_css\":0,\"element_styles_show_advanced_css\":0,\"submit_element_hover_styles_show_advanced_css\":0,\"cellcid\":\"c3287\",\"id\":4,\"beforeField\":\"\",\"afterField\":\"\",\"value\":\"\",\"label_pos\":\"above\",\"parentType\":\"textbox\",\"element_templates\":[\"submit\",\"button\",\"input\"],\"old_classname\":\"\",\"wrap_template\":\"wrap-no-label\"}];nfForms.push(form);<\/script>\n        \n","protected":false},"excerpt":{"rendered":"<p>Born in Munich, bass Tobias Pf\u00fclb began his singing education as a member and soloist of the T\u00f6lzer Knabenchor. As third boy in Mozart\u2019s \u201cThe Magic Flute\u201d he took his first steps on the operatic stage (Opera du Rhin Stra\u00dfbourg, State Opera Stuttgart and Bavarien State Opera Munich). For Deutsche Grammophon he also recorded the&hellip; <\/p>\n<p><span class=\"icon-wrapper icon-wrapper-round\"><svg class=\"icon icon-next\" aria-hidden=\"true\" role=\"img\"><use xlink:href=\"https:\/\/www.tobiaspfuelb.de\/wp-content\/themes\/some\/assets\/images\/svg-icons.svg#icon-next\"><\/use><\/svg><\/span><a href=\"https:\/\/www.tobiaspfuelb.de\/en\/\" class=\"more-link\">Read more <span class=\"screen-reader-text\">Vita<\/span><\/a><\/p>\n","protected":false},"author":1,"featured_media":0,"parent":0,"menu_order":0,"comment_status":"closed","ping_status":"closed","template":"","meta":{"footnotes":""},"class_list":["post-64","page","type-page","status-publish","hentry"],"_links":{"self":[{"href":"https:\/\/www.tobiaspfuelb.de\/en\/wp-json\/wp\/v2\/pages\/64","targetHints":{"allow":["GET"]}}],"collection":[{"href":"https:\/\/www.tobiaspfuelb.de\/en\/wp-json\/wp\/v2\/pages"}],"about":[{"href":"https:\/\/www.tobiaspfuelb.de\/en\/wp-json\/wp\/v2\/types\/page"}],"author":[{"embeddable":true,"href":"https:\/\/www.tobiaspfuelb.de\/en\/wp-json\/wp\/v2\/users\/1"}],"replies":[{"embeddable":true,"href":"https:\/\/www.tobiaspfuelb.de\/en\/wp-json\/wp\/v2\/comments?post=64"}],"version-history":[{"count":28,"href":"https:\/\/www.tobiaspfuelb.de\/en\/wp-json\/wp\/v2\/pages\/64\/revisions"}],"predecessor-version":[{"id":954,"href":"https:\/\/www.tobiaspfuelb.de\/en\/wp-json\/wp\/v2\/pages\/64\/revisions\/954"}],"wp:attachment":[{"href":"https:\/\/www.tobiaspfuelb.de\/en\/wp-json\/wp\/v2\/media?parent=64"}],"curies":[{"name":"wp","href":"https:\/\/api.w.org\/{rel}","templated":true}]}}