{"id":125,"date":"2016-12-29T14:33:55","date_gmt":"2016-12-29T13:33:55","guid":{"rendered":"https:\/\/www.tobiaspfuelb.de\/it\/?page_id=125"},"modified":"2018-05-09T21:00:44","modified_gmt":"2018-05-09T19:00:44","slug":"stampa","status":"publish","type":"page","link":"https:\/\/www.tobiaspfuelb.de\/it\/stampa\/","title":{"rendered":"Stampa"},"content":{"rendered":"<h2>Kultur im Glashaus &#8211; Der Rosenkavalier &#8211; Baron Ochs auf Lerchenau<\/h2>\n<blockquote><p><em>Darstellerisch wie stimmlich merkt man Tobias Pf\u00fclb an, dass er Rosenkavalier erfahren ist. Seine weichen baritonalen Mittellagen, die er m\u00fchelos erreicht, sind H\u00f6hepunkte seiner Sangeskunst. Beispiel daf\u00fcr, dass Belcanto auch f\u00fcr B\u00e4sse kein unbekanntes Terrain sind.<\/em><\/p><\/blockquote>\n<p>Augsburger Allgemeine, 17.04.2018<\/p>\n<h2>Landestheater Neustrelitz &#8211; Zar und Zimmermann &#8211; B\u00fcrgermeister van Bett<\/h2>\n<blockquote><p>Dass es auch viel zu Lachen gab, war vor allem einem Darsteller zu verdanken: Tobias Pf\u00fclb hat sich am Neustrelitzer Landestheater in die Herzen des Premierenpublikums gesungen und gespielt. Der gockelhafte B\u00fcrgermeister sorgte daf\u00fcr, dass das St\u00fcck seinem Untertitel &#8220;komische Oper&#8221; mehr als gerecht wurde.<\/p><\/blockquote>\n<p>Nordkurier, Strelitzer Zeitung, 09.05.2016<\/p>\n<h2>Musiktheater Friedrichshafen &#8211; Anatevka &#8211; Tevje<\/h2>\n<blockquote><p>Eine Traumbesetzung ist Tobias Pf\u00fclb als Milchmann Tevje. Mit intensivem Spiel, mit prachtvoller Sing- und Sprechstimme lotet er ihn aus, seinen Lebensmut, seinen Humor, seine das F\u00fcr und Wider abw\u00e4genden Monologe, wenn er wieder ein St\u00fcck Tradition preisgeben muss.<\/p><\/blockquote>\n<p>Schw\u00e4bische Zeitung, 23.03.2015<\/p>\n<blockquote><p>Der gr\u00f6sste Jongleur ist Tevje, der Milchmann. Tobias Pf\u00fclb l\u00e4sst alle vergessen, die diese Rolle vor ihm spielten, ob sie nun Topol, Rebroff oder Rodensky hiessen&#8230; Weit entfernt von der gewohnten klischierten Grossv\u00e4terlichkeit steht er mitten im Leben. Er hat das Herz eines Elefanten, die Stimme eines B\u00e4ren, ist verl\u00e4sslich wie ein Baum und aus Liebe zu seinen T\u00f6chtern immer wieder bereit, seine Wurzeln in weltanschaulich neuen Boden zu senken&#8230;<\/p><\/blockquote>\n<p>S\u00fcdkurier, 24.03.2015<\/p>\n<h2>Landestheater Altenburg &#8211; Der Rosenkavalier &#8211; Baron Ochs auf Lercheneau<\/h2>\n<blockquote><p>Der Baron Ochs auf Lerchenau wird opulent dargeboten von Tobias Pf\u00fclb, er f\u00fcllt diese Rolle mit allen Facetten aus. Vom angeberisch br\u00e4sigen bis zum verwirrten Greis schildert er die Verfallsstufen eines lustbestimmten Playboys zum greisenhaften Verlierer. Gesanglich \u00e4usserst pr\u00e4sent erlebt man mit seiner Darstellung alle Irrungen und Wirrungen dieser Figur.<\/p><\/blockquote>\n<p>Der Neue Merker, 16.10.2014<\/p>\n<blockquote><p>Tobias Pf\u00fclb liefert als Ochs ein seri\u00f6ses Rollenportr\u00e4t ohne jede Outrage und zeigt sich der Partie auch stimmlich in allen Belangen gewachsen.<\/p><\/blockquote>\n<p>Opernwelt, Dezember 2014<\/p>\n<blockquote><p>Tobias Pf\u00fclb zeigte ihn als mitleidlosen Schurken, mit markigem Bass und darstellerischer Gr\u00f6sse.<\/p><\/blockquote>\n<p>Freie Presse, 15.10.2014<\/p>\n<blockquote><p>&#8230;Mit brillanter Tiefe punktet Tobias Pf\u00fclb&#8230;<\/p><\/blockquote>\n<p>Ostth\u00fcringer Zeitung,\u00a014.10.2014<\/p>\n<blockquote><p>Tobias Pf\u00fclb erl\u00f6st ihn vom Klischee des alten rotgesichtigen groben Land-Don-Juans und gibt ihm ein kultiviertes Profil. Er ist s\u00e4ngerisch pr\u00e4zise, trifft das wienerische Idiom perfekt und erntet mehr Sympathie als dass er abst\u00f6sst.<\/p><\/blockquote>\n<p>Osterl\u00e4nder Volkszeitung, 14.10.2014<\/p>\n<h2>Pfalztheater Kaiserslautern &#8211; Lady Macbeth von Mzensk &#8211; Pope<\/h2>\n<blockquote><p>&#8230;Als Pope gefiel Tobias Pf\u00fclb als Gast mit vollt\u00f6nendem, zwanglos str\u00f6mendem Bass. &#8230;<\/p><\/blockquote>\n<p>Der Opernfreund, 07.04.2014<\/p>\n<h2>Theater Plauen-Zwickau &#8211; Joseph S\u00fc\u00df &#8211; Herzog Alexander<\/h2>\n<blockquote><p>Tobias Pf\u00fclb verf\u00fcgt \u00fcber eine kernige Bassstimme, die gut zu dem ausschweifenden Libertin passt.<\/p><\/blockquote>\n<p>Das Opernglas 12\/2013<\/p>\n<blockquote><p>&#8230;Tobias Pf\u00fclb beglaubigt ihn als schlimmen Barockf\u00fcrsten stimmlich und habituell!<\/p><\/blockquote>\n<p>Die Deutsche B\u00fchne, 11\/ 2013<\/p>\n<blockquote><p>Zu den musikalischen Glanzpunkten des Abends z\u00e4hlen &#8230;. der vollt\u00f6nende Bass Tobias Pf\u00fclb &#8230;<\/p><\/blockquote>\n<p>Freie Presse, 04.11.13<\/p>\n<h2>Landesb\u00fchnen Sachsen Luisenburgfestspiele Wunsiedel &#8211; Zauberfl\u00f6te &#8211; Sarastro<\/h2>\n<blockquote><p>Pr\u00e4sent in\u00a0Stimme und Stimmung\u00a0zeigt sich der beeindruckende Bass von Tobias Pf\u00fclb als Sarastro<\/p><\/blockquote>\n<p>Frankenpost, 22.08.2011<\/p>\n<blockquote><p>W\u00fcrdevoll jeder Auftritt des Sarastro (TobiasPf\u00fclb), der ausdrucksvoll neue Ideen anstimmt:\u00a0O Isis und Osiris\u00a0wird feierlich vorgetragen.<\/p><\/blockquote>\n<p>Oberpfalznetz.de, 22.08.2011<\/p>\n<h2>Landesb\u00fchnen Sachsen Felsenb\u00fchne Rathen &#8211; Zauberfl\u00f6te &#8211; Sarastro<\/h2>\n<blockquote><p>&#8230; kann man ebenso genie\u00dfen wie die bed\u00e4chtigen T\u00f6ne des Sarastro, dem Tobias Pf\u00fclb Stimme und markante Gestik verleiht<\/p><\/blockquote>\n<p>Dresdner Akzente, 18.08.2011<\/p>\n<blockquote><p>Tobias Pf\u00fclb singt mit geschmeidigem Bass die Partie des Sarastro<\/p><\/blockquote>\n<p>Dresdner Neueste Nachrichten, 13.08.2011<\/p>\n<h2>Schlossfestspiele Mecklenburgisches Staatstheater Schwerin &#8211; Freisch\u00fctz &#8211; Kuno<\/h2>\n<blockquote><p>Tobias Pf\u00fclb war vom Habitus her ein beeindruckender Erbf\u00f6rster und gefiel in Stimme und Spiel<\/p><\/blockquote>\n<p>IOCO Kultur im Netz, 04.07.2011<\/p>\n<h2>Operngala Cancun Mexico<\/h2>\n<blockquote><p>&#8230;um die B\u00fchne frei zu machen f\u00fcr Tobias Pf\u00fclb, der mit dunklem Timbre und sonorer Bassstimme\u00a0La calunnia\u00a0aus\u00a0Il Barbi\u00e8re di Siviglia\u00a0und\u00a0O tu Palermo\u00a0aus\u00a0I Vespri Siciliani\u00a0beeindruckend interpretierte.<\/p><\/blockquote>\n<p>Segretaria de Cultura de Quintana Roo, 06.09.2010<\/p>\n<h2>Theater an der Rott Eggenfelden &#8211; Der Bettelstudent &#8211; Oberst Ollendorf<\/h2>\n<blockquote><p>Tobias Pf\u00fclb gl\u00e4nzt mit einer steifen Arroganz, die bei aller Komik auch stets etwas Gef\u00e4hrliches hat, und liefert mit gest\u00e4hltem Bass und exzellenter Aussprache zudem eine gro\u00dfartige Gesangsleistung ab.<\/p><\/blockquote>\n<p>Passauer Neueste Nachrichten, 11.05.2009<\/p>\n<h2>Cuvill\u00e9etheater M\u00fcnchen Tourn\u00e9e Orfeo\u00a0&#8211; Orfeo &#8211; Caronte \/ Plutone<\/h2>\n<blockquote><p>Mit imponierend schwarzem Bass: Tobias Pf\u00fclb als Caronte und Plutone<\/p><\/blockquote>\n<p>tz M\u00fcnchen, 21.11.2008<\/p>\n<blockquote><p>F\u00fcr Caronte \/ Plutone zeigt sich Tobias Pf\u00fclb als \u00e4usserst passender Interpret: Seine profunde Bass-stimme zeichnet die musikalischen Profile mit Sch\u00e4rfe, so wie es eine Oper dieser Art verlangt<\/p><\/blockquote>\n<p>Mundoclassico.com, 19.11.2009<\/p>\n<blockquote><p>Wunderbar die Tiefen der Rolle ausf\u00fcllend: Tobias Pf\u00fclb.<\/p><\/blockquote>\n<p>Donaukurier, 18.11.2008<\/p>\n<blockquote><p>Tobias Pf\u00fclb gibt einen wunderbar sonoren, charismatischen Caronte \/ Plutone.<\/p><\/blockquote>\n<p>Musical America, 10.11.2008<\/p>\n<blockquote><p>Mit imponierend abgrundtiefem Bass: Tobias Pf\u00fclb.<\/p><\/blockquote>\n<p>Schw\u00e4bische Zeitung, 04.11.2008<\/p>\n","protected":false},"excerpt":{"rendered":"<p>Kultur im Glashaus &#8211; Der Rosenkavalier &#8211; Baron Ochs auf Lerchenau Darstellerisch wie stimmlich merkt man Tobias Pf\u00fclb an, dass er Rosenkavalier erfahren ist. Seine weichen baritonalen Mittellagen, die er m\u00fchelos erreicht, sind H\u00f6hepunkte seiner Sangeskunst. Beispiel daf\u00fcr, dass Belcanto auch f\u00fcr B\u00e4sse kein unbekanntes Terrain sind. Augsburger Allgemeine, 17.04.2018 Landestheater Neustrelitz &#8211; Zar und&hellip; <\/p>\n<p><span class=\"icon-wrapper icon-wrapper-round\"><svg class=\"icon icon-next\" aria-hidden=\"true\" role=\"img\"><use xlink:href=\"https:\/\/www.tobiaspfuelb.de\/wp-content\/themes\/some\/assets\/images\/svg-icons.svg#icon-next\"><\/use><\/svg><\/span><a href=\"https:\/\/www.tobiaspfuelb.de\/it\/stampa\/\" class=\"more-link\">Read more <span class=\"screen-reader-text\">Stampa<\/span><\/a><\/p>\n","protected":false},"author":1,"featured_media":0,"parent":0,"menu_order":0,"comment_status":"closed","ping_status":"closed","template":"","meta":{"footnotes":""},"class_list":["post-125","page","type-page","status-publish","hentry"],"_links":{"self":[{"href":"https:\/\/www.tobiaspfuelb.de\/it\/wp-json\/wp\/v2\/pages\/125","targetHints":{"allow":["GET"]}}],"collection":[{"href":"https:\/\/www.tobiaspfuelb.de\/it\/wp-json\/wp\/v2\/pages"}],"about":[{"href":"https:\/\/www.tobiaspfuelb.de\/it\/wp-json\/wp\/v2\/types\/page"}],"author":[{"embeddable":true,"href":"https:\/\/www.tobiaspfuelb.de\/it\/wp-json\/wp\/v2\/users\/1"}],"replies":[{"embeddable":true,"href":"https:\/\/www.tobiaspfuelb.de\/it\/wp-json\/wp\/v2\/comments?post=125"}],"version-history":[{"count":5,"href":"https:\/\/www.tobiaspfuelb.de\/it\/wp-json\/wp\/v2\/pages\/125\/revisions"}],"predecessor-version":[{"id":627,"href":"https:\/\/www.tobiaspfuelb.de\/it\/wp-json\/wp\/v2\/pages\/125\/revisions\/627"}],"wp:attachment":[{"href":"https:\/\/www.tobiaspfuelb.de\/it\/wp-json\/wp\/v2\/media?parent=125"}],"curies":[{"name":"wp","href":"https:\/\/api.w.org\/{rel}","templated":true}]}}