{"id":67,"date":"2016-12-28T22:59:55","date_gmt":"2016-12-28T21:59:55","guid":{"rendered":"https:\/\/www.tobiaspfuelb.de\/?page_id=67&#038;lang=it"},"modified":"2025-11-10T11:34:55","modified_gmt":"2025-11-10T10:34:55","slug":"67-2","status":"publish","type":"page","link":"https:\/\/www.tobiaspfuelb.de\/it\/","title":{"rendered":"Vita"},"content":{"rendered":"<p class=\"bodytext\"><span lang=\"IT\"><img loading=\"lazy\" decoding=\"async\" class=\"wp-image-850  alignleft\" src=\"https:\/\/www.tobiaspfuelb.de\/wp-content\/uploads\/IMG-20240513-WA0019-225x300.jpg\" alt=\"\" width=\"226\" height=\"301\" \/>Il basso Tobias Pf\u00fclb di Monaco di Baviera riceve la sua prima formazione canora come corista e solista del T\u00f6lzer Knabenchor. Fa i primi passi sul palcoscenico interpretando la parte del terzo ragazzo nel flauto magico di Mozart (Op\u00e9ra du Rhin Strasbourg, Staatsoper Stuttgart e Bayerische Staatsoper M\u00fcnchen). In questa veste canta anche per la registrazione della Deutsche Grammophon sotto la direzione di Herbert von Karajan.<\/span><\/p>\n<p class=\"bodytext\"><span lang=\"IT\">Tobias Pf\u00fclb studia canto solistico per concerto e opera alla Musikhochschule di Monaco di Baviera diplomandosi nel 1995 in canto concertistico.<\/span><\/p>\n<p class=\"bodytext\"><span lang=\"IT\">Masterclasses con William Cochran, Dieter Schweikart, Bodo Schwanbeck, Michael Rhodes, Nicolai Ghiaurov e Bonaldo Giaiotti completano la sua formazione come cantante lirico.<\/span><\/p>\n<p class=\"bodytext\"><span lang=\"IT\">Da allora numerosi concerti lo portano in Germania, Austria, Italia, Francia, Ungheria, Grecia e Messico, anche insieme alla Chorgemeinschaft Neubeuern sotto la direzione di Enoch zu Guttenberg, al T\u00f6lzer Knabenchor sotto la direzione di Gerhard Schmidt-Gaden, al Stuttgarter Kammerchor sotto la direzione di Frieder Bernius, all\u2019Ensemble Estampe e all\u2019Ensemble SzenAria.<\/span><\/p>\n<p class=\"bodytext\"><span lang=\"IT\">Dal 1998 al 2002 Tobias Pf\u00fclb\u00a0\u00a0<\/span>insegna canto all\u2019universit\u00e0 di Augusta.<\/p>\n<p class=\"bodytext\"><img loading=\"lazy\" decoding=\"async\" class=\"aligncenter size-full wp-image-102\" src=\"https:\/\/www.tobiaspfuelb.de\/wp-content\/uploads\/2016\/12\/Tobias-Pfluelb-02.jpg\" alt=\"Tobias Pf\u00fclb\" width=\"600\" height=\"391\" srcset=\"https:\/\/www.tobiaspfuelb.de\/wp-content\/uploads\/2016\/12\/Tobias-Pfluelb-02.jpg 600w, https:\/\/www.tobiaspfuelb.de\/wp-content\/uploads\/2016\/12\/Tobias-Pfluelb-02-300x196.jpg 300w\" sizes=\"auto, (max-width: 600px) 100vw, 600px\" \/><\/p>\n<p class=\"bodytext\"><span lang=\"IT\">Viene invitato alla Pasinger Fabrik M\u00fcnchen, all\u2019Eckhof-Festival a Gotha e agli Ostseefestspiele del teatro di Stralsund (1995-2002).<\/span><\/p>\n<p class=\"bodytext\"><span lang=\"IT\">Dal 2003 al 2007 Tobias Pf\u00fclb fa parte dell\u2019organico fisso delle Vereinigte St\u00e4dtische B\u00fchnen Krefeld-M\u00f6nchengladbach costruendosi un repertorio ampio e vario:\u00a0<i>Don Pasquale<\/i>\u00a0nell\u2019opera omonima di Donizetti,\u00a0<i>Plumkett<\/i>\u00a0in \u201cMartha\u201d di Flotow,\u00a0<i>Colline<\/i>\u00a0in \u201cLa Boh\u00e8me\u201d di Puccini,\u00a0<i>Angelotti<\/i>\u00a0in \u201cTosca\u201d di Puccini,\u00a0<i>Raimondo<\/i>\u00a0in \u201cLucia di Lammermoor\u201d di Donizetti,\u00a0<i>Le Bailly<\/i>\u00a0in \u201cWerther\u201d di Messenet,\u00a0<i>Dottore Grenvil<\/i>\u00a0in \u201cLa Traviata\u201d di Verdi,\u00a0<i>Eremit<\/i>\u00a0in \u201cIl franco tiratore\u201d di Weber,\u00a0<i>Sarastro\u00a0<\/i>in \u201cIl flauto magico\u201d di Mozart e altro.<\/span><\/p>\n<p class=\"bodytext\">Dal 2007 Tobias Pf\u00fclb lavora come libero professionista cantando in vari teatri: Theater an der Rott Eggenfelden, Theater Koblenz, Theater Hagen, Landesb\u00fchnen Sachsen, Staatsheater Oldenburg, Musikalische Kom\u00f6die Oper Leipzig, Theater Aachen, Theater Plauen-Zwickau, S\u00fcdth\u00fcringisches Staatstheater Meiningen, Pfalztheater Kaiserslautern, Staatstheater Augsburg, Saarl\u00e4ndisches Staatstheater Saarbr\u00fccken, Landestheater Linz, Schlossfestspiele Mecklenburgisches Staatstheater Schwerin, Opernfestspiele Heidenheim, Carl-Orff-Festspiele Andechs e altri.<\/p>\n<br>\n<p><a href=\"\/wp-content\/uploads\/Vita-Tobias-Pfuelb-IT.pdf\"><img loading=\"lazy\" decoding=\"async\" class=\"alignleft wp-image-145 size-full\" src=\"https:\/\/www.tobiaspfuelb.de\/wp-content\/uploads\/2016\/12\/PDF-Download.png\" alt=\"PDF-Download\" width=\"128\" height=\"128\" \/><\/a><\/p>\n<p>Vita Tobias Pf\u00fclb (scarica il PDF)<\/p>\n<br>\n<noscript class=\"ninja-forms-noscript-message\">\n\tAvviso: JavaScript \u00e8 obbligatorio per questo contenuto.<\/noscript>\n<div id=\"nf-form-1-cont\" class=\"nf-form-cont\" aria-live=\"polite\" aria-labelledby=\"nf-form-title-1\" aria-describedby=\"nf-form-errors-1\" role=\"form\">\n\n    <div class=\"nf-loading-spinner\"><\/div>\n\n<\/div>\n        <!-- That data is being printed as a workaround to page builders reordering the order of the scripts loaded-->\n        <script>var formDisplay=1;var nfForms=nfForms||[];var form=[];form.id='1';form.settings={\"objectType\":\"Form Setting\",\"editActive\":\"1\",\"title\":\"Kontaktformular\",\"key\":\"\",\"created_at\":\"2016-12-30 14:01:14\",\"default_label_pos\":\"above\",\"_seq_num\":\"4\",\"conditions\":[],\"show_title\":\"1\",\"clear_complete\":\"1\",\"hide_complete\":\"1\",\"wrapper_class\":\"\",\"element_class\":\"\",\"add_submit\":\"1\",\"logged_in\":\"\",\"not_logged_in_msg\":\"\",\"sub_limit_number\":\"\",\"sub_limit_msg\":\"\",\"calculations\":[],\"formContentData\":[\"name\",\"email\",\"nachricht\",\"absenden_1\"],\"container_styles_background-color\":\"\",\"container_styles_border\":\"\",\"container_styles_border-style\":\"\",\"container_styles_border-color\":\"\",\"container_styles_color\":\"\",\"container_styles_height\":\"\",\"container_styles_width\":\"\",\"container_styles_font-size\":\"\",\"container_styles_margin\":\"\",\"container_styles_padding\":\"\",\"container_styles_display\":\"\",\"container_styles_float\":\"\",\"container_styles_show_advanced_css\":\"0\",\"container_styles_advanced\":\"\",\"title_styles_background-color\":\"\",\"title_styles_border\":\"\",\"title_styles_border-style\":\"\",\"title_styles_border-color\":\"\",\"title_styles_color\":\"\",\"title_styles_height\":\"\",\"title_styles_width\":\"\",\"title_styles_font-size\":\"\",\"title_styles_margin\":\"\",\"title_styles_padding\":\"\",\"title_styles_display\":\"\",\"title_styles_float\":\"\",\"title_styles_show_advanced_css\":\"0\",\"title_styles_advanced\":\"\",\"row_styles_background-color\":\"\",\"row_styles_border\":\"\",\"row_styles_border-style\":\"\",\"row_styles_border-color\":\"\",\"row_styles_color\":\"\",\"row_styles_height\":\"\",\"row_styles_width\":\"\",\"row_styles_font-size\":\"\",\"row_styles_margin\":\"\",\"row_styles_padding\":\"\",\"row_styles_display\":\"\",\"row_styles_show_advanced_css\":\"0\",\"row_styles_advanced\":\"\",\"row-odd_styles_background-color\":\"\",\"row-odd_styles_border\":\"\",\"row-odd_styles_border-style\":\"\",\"row-odd_styles_border-color\":\"\",\"row-odd_styles_color\":\"\",\"row-odd_styles_height\":\"\",\"row-odd_styles_width\":\"\",\"row-odd_styles_font-size\":\"\",\"row-odd_styles_margin\":\"\",\"row-odd_styles_padding\":\"\",\"row-odd_styles_display\":\"\",\"row-odd_styles_show_advanced_css\":\"0\",\"row-odd_styles_advanced\":\"\",\"success-msg_styles_background-color\":\"\",\"success-msg_styles_border\":\"\",\"success-msg_styles_border-style\":\"\",\"success-msg_styles_border-color\":\"\",\"success-msg_styles_color\":\"\",\"success-msg_styles_height\":\"\",\"success-msg_styles_width\":\"\",\"success-msg_styles_font-size\":\"\",\"success-msg_styles_margin\":\"\",\"success-msg_styles_padding\":\"\",\"success-msg_styles_display\":\"\",\"success-msg_styles_show_advanced_css\":\"0\",\"success-msg_styles_advanced\":\"\",\"error_msg_styles_background-color\":\"\",\"error_msg_styles_border\":\"\",\"error_msg_styles_border-style\":\"\",\"error_msg_styles_border-color\":\"\",\"error_msg_styles_color\":\"\",\"error_msg_styles_height\":\"\",\"error_msg_styles_width\":\"\",\"error_msg_styles_font-size\":\"\",\"error_msg_styles_margin\":\"\",\"error_msg_styles_padding\":\"\",\"error_msg_styles_display\":\"\",\"error_msg_styles_show_advanced_css\":\"0\",\"error_msg_styles_advanced\":\"\",\"changeEmailErrorMsg\":\"Immetti un indirizzo email valido.\",\"confirmFieldErrorMsg\":\"Questi campi devono corrispondere.\",\"fieldNumberNumMinError\":\"Errore numero min\",\"fieldNumberNumMaxError\":\"Errore numero max\",\"fieldNumberIncrementBy\":\"Incrementa di \",\"formErrorsCorrectErrors\":\"Correggi gli errori prima di inviare il form.\",\"validateRequiredField\":\"Campo obbligatorio.\",\"honeypotHoneypotError\":\"Errore Honeypot\",\"fieldsMarkedRequired\":\"I campi contrassegnati con <span class=\\\"ninja-forms-req-symbol\\\">*<\\\/span> sono obbligatori.\",\"currency\":\"\",\"ninjaForms\":\"Ninja Forms\",\"changeDateErrorMsg\":\"Please enter a valid date!\",\"fieldTextareaRTEInsertLink\":\"Inserisci link\",\"fieldTextareaRTEInsertMedia\":\"Inserisci media\",\"fieldTextareaRTESelectAFile\":\"Seleziona un file\",\"formHoneypot\":\"Se sei un essere umano e vedi questo campo, lascialo vuoto.\",\"fileUploadOldCodeFileUploadInProgress\":\"Caricamento file in corso.\",\"fileUploadOldCodeFileUpload\":\"CARICAMENTO FILE\",\"currencySymbol\":false,\"thousands_sep\":\",\",\"decimal_point\":\".\",\"siteLocale\":\"it_IT\",\"dateFormat\":\"m\\\/d\\\/Y\",\"startOfWeek\":\"1\",\"of\":\"di\",\"previousMonth\":\"Previous Month\",\"nextMonth\":\"Next Month\",\"months\":[\"January\",\"February\",\"March\",\"April\",\"May\",\"June\",\"July\",\"August\",\"September\",\"October\",\"November\",\"December\"],\"monthsShort\":[\"Jan\",\"Feb\",\"Mar\",\"Apr\",\"May\",\"Jun\",\"Jul\",\"Aug\",\"Sep\",\"Oct\",\"Nov\",\"Dec\"],\"weekdays\":[\"Sunday\",\"Monday\",\"Tuesday\",\"Wednesday\",\"Thursday\",\"Friday\",\"Saturday\"],\"weekdaysShort\":[\"Sun\",\"Mon\",\"Tue\",\"Wed\",\"Thu\",\"Fri\",\"Sat\"],\"weekdaysMin\":[\"Su\",\"Mo\",\"Tu\",\"We\",\"Th\",\"Fr\",\"Sa\"],\"recaptchaConsentMissing\":\"reCaptcha validation couldn&#039;t load.\",\"recaptchaMissingCookie\":\"reCaptcha v3 validation couldn&#039;t load the cookie needed to submit the form.\",\"recaptchaConsentEvent\":\"Accept reCaptcha cookies before sending the form.\",\"embed_form\":\"\",\"currency_symbol\":\"\",\"beforeForm\":\"\",\"beforeFields\":\"\",\"afterFields\":\"\",\"afterForm\":\"\"};form.fields=[{\"objectType\":\"Field\",\"objectDomain\":\"fields\",\"order\":1,\"label\":\"Name\",\"key\":\"name\",\"type\":\"textbox\",\"created_at\":\"2016-08-24 16:39:20\",\"label_pos\":\"above\",\"required\":1,\"input_limit\":250,\"input_limit_type\":\"characters\",\"input_limit_msg\":\"Zeichen \\u00fcbrig\",\"wrap_styles_show_advanced_css\":0,\"label_styles_show_advanced_css\":0,\"element_styles_show_advanced_css\":0,\"cellcid\":\"c3277\",\"id\":1,\"beforeField\":\"\",\"afterField\":\"\",\"value\":\"\",\"parentType\":\"textbox\",\"element_templates\":[\"textbox\",\"input\"],\"old_classname\":\"\",\"wrap_template\":\"wrap\"},{\"objectType\":\"Field\",\"objectDomain\":\"fields\",\"order\":2,\"label\":\"Email\",\"key\":\"email\",\"type\":\"email\",\"created_at\":\"2016-08-24 16:39:20\",\"label_pos\":\"above\",\"required\":1,\"wrap_styles_show_advanced_css\":0,\"label_styles_show_advanced_css\":0,\"element_styles_show_advanced_css\":0,\"cellcid\":\"c3281\",\"id\":2,\"beforeField\":\"\",\"afterField\":\"\",\"value\":\"\",\"parentType\":\"email\",\"element_templates\":[\"email\",\"input\"],\"old_classname\":\"\",\"wrap_template\":\"wrap\"},{\"objectType\":\"Field\",\"objectDomain\":\"fields\",\"order\":3,\"label\":\"Nachricht\",\"key\":\"nachricht\",\"type\":\"textarea\",\"created_at\":\"2016-08-24 16:39:20\",\"label_pos\":\"above\",\"required\":1,\"input_limit\":999,\"input_limit_type\":\"characters\",\"input_limit_msg\":\"Zeichen \\u00fcbrig\",\"wrap_styles_show_advanced_css\":0,\"label_styles_show_advanced_css\":0,\"element_styles_show_advanced_css\":0,\"cellcid\":\"c3284\",\"id\":3,\"beforeField\":\"\",\"afterField\":\"\",\"value\":\"\",\"parentType\":\"textarea\",\"element_templates\":[\"textarea\",\"input\"],\"old_classname\":\"\",\"wrap_template\":\"wrap\"},{\"objectType\":\"Field\",\"objectDomain\":\"fields\",\"order\":5,\"label\":\"Absenden\",\"key\":\"absenden_1\",\"type\":\"submit\",\"created_at\":\"2016-08-24 16:39:20\",\"processing_label\":\"Verarbeitung l\\u00e4uft\",\"wrap_styles_show_advanced_css\":0,\"label_styles_show_advanced_css\":0,\"element_styles_show_advanced_css\":0,\"submit_element_hover_styles_show_advanced_css\":0,\"cellcid\":\"c3287\",\"id\":4,\"beforeField\":\"\",\"afterField\":\"\",\"value\":\"\",\"label_pos\":\"above\",\"parentType\":\"textbox\",\"element_templates\":[\"submit\",\"button\",\"input\"],\"old_classname\":\"\",\"wrap_template\":\"wrap-no-label\"}];nfForms.push(form);<\/script>\n        \n","protected":false},"excerpt":{"rendered":"<p>Il basso Tobias Pf\u00fclb di Monaco di Baviera riceve la sua prima formazione canora come corista e solista del T\u00f6lzer Knabenchor. Fa i primi passi sul palcoscenico interpretando la parte del terzo ragazzo nel flauto magico di Mozart (Op\u00e9ra du Rhin Strasbourg, Staatsoper Stuttgart e Bayerische Staatsoper M\u00fcnchen). In questa veste canta anche per la&hellip; <\/p>\n<p><span class=\"icon-wrapper icon-wrapper-round\"><svg class=\"icon icon-next\" aria-hidden=\"true\" role=\"img\"><use xlink:href=\"https:\/\/www.tobiaspfuelb.de\/wp-content\/themes\/some\/assets\/images\/svg-icons.svg#icon-next\"><\/use><\/svg><\/span><a href=\"https:\/\/www.tobiaspfuelb.de\/it\/\" class=\"more-link\">Read more <span class=\"screen-reader-text\">Vita<\/span><\/a><\/p>\n","protected":false},"author":1,"featured_media":0,"parent":0,"menu_order":0,"comment_status":"closed","ping_status":"closed","template":"","meta":{"footnotes":""},"class_list":["post-67","page","type-page","status-publish","hentry"],"_links":{"self":[{"href":"https:\/\/www.tobiaspfuelb.de\/it\/wp-json\/wp\/v2\/pages\/67","targetHints":{"allow":["GET"]}}],"collection":[{"href":"https:\/\/www.tobiaspfuelb.de\/it\/wp-json\/wp\/v2\/pages"}],"about":[{"href":"https:\/\/www.tobiaspfuelb.de\/it\/wp-json\/wp\/v2\/types\/page"}],"author":[{"embeddable":true,"href":"https:\/\/www.tobiaspfuelb.de\/it\/wp-json\/wp\/v2\/users\/1"}],"replies":[{"embeddable":true,"href":"https:\/\/www.tobiaspfuelb.de\/it\/wp-json\/wp\/v2\/comments?post=67"}],"version-history":[{"count":27,"href":"https:\/\/www.tobiaspfuelb.de\/it\/wp-json\/wp\/v2\/pages\/67\/revisions"}],"predecessor-version":[{"id":955,"href":"https:\/\/www.tobiaspfuelb.de\/it\/wp-json\/wp\/v2\/pages\/67\/revisions\/955"}],"wp:attachment":[{"href":"https:\/\/www.tobiaspfuelb.de\/it\/wp-json\/wp\/v2\/media?parent=67"}],"curies":[{"name":"wp","href":"https:\/\/api.w.org\/{rel}","templated":true}]}}